{"id":337,"date":"2024-04-23T19:18:30","date_gmt":"2024-04-23T17:18:30","guid":{"rendered":"http:\/\/clubdegolfmotril.test:8080\/?page_id=337"},"modified":"2026-01-26T16:57:31","modified_gmt":"2026-01-26T15:57:31","slug":"tarifas","status":"publish","type":"page","link":"https:\/\/www.clubdegolfmotril.com\/?page_id=337","title":{"rendered":"Tarifas"},"content":{"rendered":"\n  <div id=\"page-header-75397120\" class=\"page-header-wrapper\">\n  <div class=\"page-title show-for-small dark featured-title\">\n\n        <div class=\"page-title-bg\">\n      <div class=\"title-bg fill bg-fill\"\n        data-parallax-container=\".page-title\"\n        data-parallax-background\n        data-parallax=\"-\">\n      <\/div>\n      <div class=\"title-overlay fill\"><\/div>\n    <\/div>\n    \n    <div class=\"page-title-inner container align-center text-center flex-row-col medium-flex-wrap\" >\n              <div class=\"title-wrapper flex-col\">\n          <h1 class=\"entry-title mb-0\">\n            TARIFAS          <\/h1>\n        <\/div>\n                    <div class=\"title-content flex-col\">\n              <\/div>\n    <\/div>\n\n     \n<style>\n#page-header-75397120 .page-title-inner {\n  min-height: 250px;\n}\n#page-header-75397120 .title-bg {\n  background-image: url(https:\/\/www.clubdegolfmotril.com\/wp-content\/uploads\/2024\/04\/IMG_20190103_122555-1.jpg);\n  background-position: 50% 50%;\n}\n#page-header-75397120 .title-overlay {\n  background-color: rgba(0,0,0,.5);\n}\n<\/style>\n  <\/div>\n    <\/div>\n  \n\n\n\t<section class=\"section hide-for-small\" id=\"section_999244426\">\n\t\t<div class=\"section-bg fill\" >\n\t\t\t\t\t\t\t\t\t\n\t\t\t\n\n\t\t<\/div>\n\n\t\t\n\n\t\t<div class=\"section-content relative\">\n\t\t\t\n\n  <div id=\"page-header-1910289171\" class=\"page-header-wrapper\">\n  <div class=\"page-title dark featured-title\">\n\n        <div class=\"page-title-bg\">\n      <div class=\"title-bg fill bg-fill\"\n        data-parallax-container=\".page-title\"\n        data-parallax-background\n        data-parallax=\"-\">\n      <\/div>\n      <div class=\"title-overlay fill\"><\/div>\n    <\/div>\n    \n    <div class=\"page-title-inner container align-center text-center flex-row-col medium-flex-wrap\" >\n              <div class=\"title-wrapper flex-col\">\n          <h1 class=\"entry-title mb-0\">\n            TARIFAS          <\/h1>\n        <\/div>\n                    <div class=\"title-content flex-col\">\n              <\/div>\n    <\/div>\n\n     \n<style>\n#page-header-1910289171 .page-title-inner {\n  min-height: 250px;\n}\n#page-header-1910289171 .title-bg {\n  background-image: url(https:\/\/www.clubdegolfmotril.com\/wp-content\/uploads\/2024\/04\/IMG_20190103_122555-1.jpg);\n  background-position: 50% 50%;\n}\n#page-header-1910289171 .title-overlay {\n  background-color: rgba(0,0,0,.5);\n}\n<\/style>\n  <\/div>\n    <\/div>\n  \n\n\n\t\t<\/div>\n\n\t\t\n<style>\n#section_999244426 {\n  padding-top: 30px;\n  padding-bottom: 30px;\n}\n<\/style>\n\t<\/section>\n\t\n\n\t<section class=\"section\" id=\"section_1524183753\">\n\t\t<div class=\"section-bg fill\" >\n\t\t\t\t\t\t\t\t\t\n\t\t\t\n\n\t\t<\/div>\n\n\t\t\n\n\t\t<div class=\"section-content relative\">\n\t\t\t\n\n<div class=\"row\"  id=\"row-1789455671\">\n\n\n\t<div id=\"col-1090660501\" class=\"col small-12 large-12\"  >\n\t\t\t\t<div class=\"col-inner\"  >\n\t\t\t\n\t\t\t\n\n<h1>Tarifas<\/h1>\n<div class=\"row\"  id=\"row-752403732\">\n\n\n\t<div id=\"col-1152476324\" class=\"col small-12 large-12\"  >\n\t\t\t\t<div class=\"col-inner\"  >\n\t\t\t\n\t\t\t\n\n\n\n<table>\n<\/tr>\n<tr>\n<td>\n<\/td>\n<td>\nNO SOCIOS\n<\/td>\n<td>\nSOCIO*\n<\/td>\n<\/tr>\n<tr>\n<td>Green Fee 18 Hoyos<\/td>\n<td>58\u20ac<\/td>\n<td>35\u20ac<\/td>\n<\/tr>\n<tr>\n<td>Green Fee Pareja<\/td>\n<td>100\u20ac<\/td>\n<td><\/td>\n<\/tr>\n<tr>\n<td>Green Fee Pareja &#038; Buggy<\/td>\n<td>128\u20ac<\/td>\n<td><\/td>\n<\/tr>\n<tr>\n<td>Green Fee Infantil (10 a 16 a\u00f1os)<\/td>\n<td>25\u20ac<\/td>\n<td>\n25\u20ac\n<\/td>\n<\/tr>\n<tr>\n<td>Green Fee Infantil Tarde (10 a 16 a\u00f1os)<\/td>\n<td>25\u20ac<\/td>\n<td>25\u20ac<\/td>\n<\/tr>\n<tr>\n<td>Green Fee Tarde (desde 15:00)<\/td>\n<td>40\u20ac<\/td>\n<td>34\u20ac<\/td>\n<\/tr>\n<tr>\n<td>Green Fee 9 Hoyos<\/td>\n<td>38\u20ac<\/td>\n<td>36\u20ac<\/td>\n<\/tr>\n<tr>\n<td>Green Fee infantil 9 Hoyos (10 a 16 a\u00f1os)<\/td>\n<td>18\u20ac<\/td>\n<td>18\u20ac<\/td>\n<\/tr>\n<tr>\n<td>Abono Anual<\/td>\n<td>2400\u20ac<\/td>\n<td><\/td>\n<\/tr>\n<tr>\n<td>Abono 6 meses<\/td>\n<td>1500\u20ac<\/td>\n<td><\/td>\n<\/tr>\n<tr>\n<td>Paquete de 24 Green Fees (v\u00e1lido solamente un a\u00f1o)<\/td>\n<td>960\u20ac<\/td>\n<td>912\u20ac<\/td>\n<\/tr>\n<tr>\n<td>Paquete de 16 Green Fees (v\u00e1lido solamente un a\u00f1o)<\/td>\n<td><\/td>\n<td>500\u20ac<\/td>\n<\/tr>\n<tr>\n<td>Paquete de 14 Green Fees<\/td>\n<td>590\u20ac<\/td>\n<td>561\u20ac<\/td>\n<\/tr>\n<tr>\n<tr>\n<td>Paquete de 14 Green Fees (v\u00e1lido solamente un a\u00f1o)<\/td>\n<td>590\u20ac<\/td>\n<td>561\u20ac<\/td>\n<\/tr>\n<tr>\n<td>Paquete de 15 Junior Green Fees (v\u00e1lido solamente un a\u00f1o)<\/td>\n<td>300<\/td>\n<td>300\u20ac<\/td>\n<\/tr>\n<\/table>\n<table>\n<tr>\n<td>Bono fundador (10\u20ac salida)<\/td>\n<td>650\u20ac<\/td>\n<td>\n<tr>\n<td>Bono no fundador (10\u20ac salida)<\/td>\n<td>950\u20ac<\/td>\n<\/tr>\n<\/table>\n\n<p><strong>Bono diez (10) partidos para jugadores con un h\u00e1ndicap de 30 o superior<br \/>\n300 \u20ac para jugar nueve (9) hoyos en horario de tarde.<br \/>\n<\/strong><\/p>\n\n\t\t<\/div>\n\t\t\t\t\t<\/div>\n\n\t\n\n<\/div>\n\n\t\t<\/div>\n\t\t\t\t\t<\/div>\n\n\t\n\n<\/div>\n\n\t\t<\/div>\n\n\t\t\n<style>\n#section_1524183753 {\n  padding-top: 30px;\n  padding-bottom: 30px;\n}\n<\/style>\n\t<\/section>\n\t\n\n\t<section class=\"section\" id=\"section_230524681\">\n\t\t<div class=\"section-bg fill\" >\n\t\t\t\t\t\t\t\t\t\n\t\t\t\n\n\t\t<\/div>\n\n\t\t\n\n\t\t<div class=\"section-content relative\">\n\t\t\t\n\n<h2>T\u00e9rminos y condiciones<\/h2>\n<h4>Normas de juego<\/h4>\n<ul>\n<li>El jugador debe poseer licencia federativa en vigor.<\/li>\n<li>Se recomienda la presencia en la Casa Club del jugador con al menos 15 minutos de antelaci\u00f3n a su hora de salida predeterminada.<\/li>\n<li>El jugador perder\u00e1 su tee time por falta de puntualidad y se le ubicar\u00e1 en la partida m\u00e1s pr\u00f3xima que haya puntualidad.<\/li>\n<li>El m\u00e1ximo de jugadores que pueden formar una partida son cuatro jugadores y el club se reserva el derecho de emparejar aquellas en n\u00famero inferior.<\/li>\n<li>El cliente puede disfrutar de una partida exclusiva previo pago de la totalidad de los componentes: los cuatro jugadores que la formar\u00edan.<\/li>\n<li>El Club de Golf de Motril se reserva el derecho de expulsar de sus instalaciones a cualquier jugador que incumpla las advertencias del Marshall u otro trabajador del Club en referencia a las normas establecidas. Esta expulsi\u00f3n se producir\u00e1 sin devoluci\u00f3n alguna de los servicios abonados.<\/li>\n<li>El jugador deber\u00e1 estar en posesi\u00f3n de su Greenfee en todo momento el cual puede ser requerido por el personal del Club para su identificaci\u00f3n.<\/li>\n<\/ul>\n<h4>Reglas de Etiqueta<\/h4>\n<ul>\n<li>Se requiere vestimenta apropiada: camiseta con cuello y mangas, pantalones de confecci\u00f3n y zapatos.<\/li>\n<li>Prevalecer\u00e1 las reglas de etiqueta internacionales.<\/li>\n<\/ul>\n<h4>Tee times<\/h4>\n<ul>\n<li>El club se reserva el derecho de organizar o cambiar las horas de salida seg\u00fan disponibilidad o por cualquier motivo.<\/li>\n<li>\nLas salidas se realizan en intervalos de 8-10 minutos a decisi\u00f3n del club y siempre por el Tee del 1. Cualquier excepci\u00f3n por motivos de mantenimiento, le ser\u00e1 informado.\n<\/li>\n<li>\nSi desea otro servicio al establecido, \u00e9ste deber\u00e1 ser comunicado al club el cual lo estudiar\u00e1 o no en consecuencia, presupuestar\u00e1 y le har\u00e1 llegar respuesta.\n<\/li>\n<li>\nSi desea otro servicio al establecido, \u00e9ste deber\u00e1 ser comunicado al club el cual lo estudiar\u00e1, aprobar\u00e1 o no en consecuencia, presupuestar\u00e1 y le har\u00e1 llegar respuesta.\n<\/li>\n<\/ul>\n<h4>Pol\u00edtica de Cancelaci\u00f3n<\/h4>\n<ul>\n<li>\nSer\u00e1 requerida una tarjeta de cr\u00e9dito como garant\u00eda de reserva.\n<\/li>\n<li>\nSi desea cancelar su reserva, la deber\u00e1 realizar con al menos dos d\u00edas de antelaci\u00f3n a la fecha emitida lo cual, no le acarrear\u00e1 gasto alguno. Transcurrido este periodo perder\u00e1 derecho de cancelaci\u00f3n y el reembolso \u00edntegro de la misma.\n<\/li>\n<li>\nLas herramientas habilitadas para cualquier cancelaci\u00f3n son el correo electr\u00f3nico: clubdegolfmotril@gmail.com,no siendo aceptada hasta la confirmaci\u00f3n de la misma.\n<\/li>\n<\/ul>\n<p><strong>Incomparecencias objeto de cobro: <\/strong><\/p>\n<ul>\n<li>\nEl jugador que realiza su reserva y no comparece a su hora de salida fijada con al menos 15 minutos de antelaci\u00f3n.\n<\/li>\n<li>\nEl jugador que, efect\u00faa su reserva , no ejecuta su cancelaci\u00f3n dentro del periodo establecido.\n<\/li>\n<\/ul>\n<h4>Procedimientos ante las inclemencias por lluvia o tormenta<\/h4>\n<p>\n<strong>En ning\u00fan caso se reembolsar\u00e1 el greenfee<\/strong>\n<\/p>\n<p><strong>Consideraciones del club en caso de lluvia:<\/strong><\/p>\n<ul>\n<li>Se le ofrecer\u00e1 la posibilidad de parar el juego y continuar una vez cesada la lluvia respetando el horario de cierre de las instalaciones.<\/li>\n<li>Si transcurrido un periodo razonable la lluvia no cesa, se le ofrecer\u00e1 un justificante en consideraci\u00f3n a lo disfrutado:<\/li>\n<li>Si no ha llegado a jugar o ha dejado su partida dentro de los 9 primeros hoyos, se le entregar\u00e1 un bono integro de 18 hoyos con una validez de seis meses.<\/li>\n<li>Si el abandono se produjo a partir del hoyo 16 se contemplar\u00e1 como partida concluida.<\/li>\n<li>En caso de lluvia incesante que anega el Campo.<\/li>\n<li>Por tormenta el\u00e9ctrica: rayos o truenos continuados que puedan acarrearlos.<\/li>\n<li>A causa de un fuerte viento incesante que mueve la bola sobre el green.<\/li>\n<li><strong>Por tanto:<\/strong>\n<ul>\n<li>Se proceder\u00e1 a la devoluci\u00f3n integra de lo abonado en caso de no haber salido a jugar.<\/li>\n<li>Si la retirada del juego se produjo entre los hoyos 10 y 16 se le entregar\u00e1 justificante de 9 hoyos con una validez de 6 meses. <strong>OTROS<\/strong><\/li>\n<\/ul>\n<\/li>\n<\/ul>\n<p>Queda prohibido el montaje publicitario en las instalaciones del Club de Golf de Motril sin la previa autorizaci\u00f3n.<\/p>\n\n\t\t<\/div>\n\n\t\t\n<style>\n#section_230524681 {\n  padding-top: 30px;\n  padding-bottom: 30px;\n}\n<\/style>\n\t<\/section>\n\t\n\n","protected":false},"excerpt":{"rendered":"","protected":false},"author":1,"featured_media":0,"parent":0,"menu_order":0,"comment_status":"closed","ping_status":"closed","template":"","meta":{"inline_featured_image":false,"footnotes":""},"class_list":["post-337","page","type-page","status-publish","hentry"],"_links":{"self":[{"href":"https:\/\/www.clubdegolfmotril.com\/index.php?rest_route=\/wp\/v2\/pages\/337","targetHints":{"allow":["GET"]}}],"collection":[{"href":"https:\/\/www.clubdegolfmotril.com\/index.php?rest_route=\/wp\/v2\/pages"}],"about":[{"href":"https:\/\/www.clubdegolfmotril.com\/index.php?rest_route=\/wp\/v2\/types\/page"}],"author":[{"embeddable":true,"href":"https:\/\/www.clubdegolfmotril.com\/index.php?rest_route=\/wp\/v2\/users\/1"}],"replies":[{"embeddable":true,"href":"https:\/\/www.clubdegolfmotril.com\/index.php?rest_route=%2Fwp%2Fv2%2Fcomments&post=337"}],"version-history":[{"count":2,"href":"https:\/\/www.clubdegolfmotril.com\/index.php?rest_route=\/wp\/v2\/pages\/337\/revisions"}],"predecessor-version":[{"id":16970,"href":"https:\/\/www.clubdegolfmotril.com\/index.php?rest_route=\/wp\/v2\/pages\/337\/revisions\/16970"}],"wp:attachment":[{"href":"https:\/\/www.clubdegolfmotril.com\/index.php?rest_route=%2Fwp%2Fv2%2Fmedia&parent=337"}],"curies":[{"name":"wp","href":"https:\/\/api.w.org\/{rel}","templated":true}]}}